{"id":10,"date":"2009-08-31T22:27:59","date_gmt":"2009-08-31T20:27:59","guid":{"rendered":"https:\/\/karo-modelage.com\/?page_id=10"},"modified":"2026-01-02T11:16:44","modified_gmt":"2026-01-02T09:16:44","slug":"planning","status":"publish","type":"page","link":"https:\/\/karo-modelage.com\/?page_id=10","title":{"rendered":"Horaires &#038; Tarifs"},"content":{"rendered":"<p><a href=\"https:\/\/karo-modelage.com\/wp-content\/uploads\/2009\/08\/Photo-140.jpg\"><img loading=\"lazy\" decoding=\"async\" class=\"alignright size-medium wp-image-3679\" title=\"Photo 140\" src=\"https:\/\/karo-modelage.com\/wp-content\/uploads\/2009\/08\/Photo-140-300x225.jpg\" alt=\"\" width=\"210\" height=\"158\" srcset=\"https:\/\/karo-modelage.com\/wp-content\/uploads\/2009\/08\/Photo-140-300x225.jpg 300w, https:\/\/karo-modelage.com\/wp-content\/uploads\/2009\/08\/Photo-140-1024x768.jpg 1024w\" sizes=\"(max-width: 210px) 100vw, 210px\" \/><\/a><\/p>\n<p>&nbsp;<\/p>\n<p style=\"text-align: left;\">L&rsquo;atelier est ouvert de <span style=\"color: #a3376d;\"><strong>Septembre \u00e0 Juillet<\/strong><\/span>, en p\u00e9riode scolaire<\/p>\n<h5 style=\"text-align: left;\"><strong><span style=\"color: #00ccff;\"><span style=\"color: #996699;\">Groupes jusqu&rsquo;\u00e0 10 personnes<\/span><br \/>\n<\/span><\/strong><\/h5>\n<h5 style=\"text-align: left;\"><strong><span style=\"color: #00ccff;\"><span style=\"text-decoration: underline; color: #2496b3;\">Inscription minimum au trimestre<\/span><br \/>\n<\/span><\/strong><\/h5>\n<h6 style=\"text-align: left;\"><strong>Venez essayer !<\/strong><\/h6>\n<p>&nbsp;<\/p>\n<h2 style=\"text-align: center;\"><span style=\"text-decoration: underline; color: #996699;\"><strong>JOURS ET HORAIRES DES COURS<\/strong><\/span><\/h2>\n<p style=\"text-align: center;\"><span style=\"color: #cc6699;\"><strong>Lundi&nbsp; :&nbsp; <\/strong><\/span>10 h 00 &#8211; 12 H 00<\/p>\n<p style=\"text-align: center;\"><span style=\"color: #cc6699;\"><strong>Mardi&nbsp; :&nbsp;&nbsp;<\/strong><\/span>10 h 00 &#8211; 12 H 00<\/p>\n<p style=\"text-align: center;\"><span style=\"color: #cc6699;\"><strong>Jeudi&nbsp; :&nbsp;&nbsp;<\/strong><\/span>18 H 00 &#8211; 20 H 00<\/p>\n<p style=\"text-align: center;\"><span style=\"color: #cc6699;\"><strong>Vendredi&nbsp; :&nbsp;&nbsp;<\/strong><\/span>10 H 00 &#8211; 12 H 00<\/p>\n<p style=\"text-align: center;\"><span style=\"color: #cc6699;\"><strong>Samedi&nbsp; :&nbsp;&nbsp;<\/strong><\/span>10 H 00 &#8211; 12 H 00<\/p>\n<p style=\"text-align: center;\"><strong>L&rsquo;inscription comprend la fourniture de l&rsquo;argile, du mat\u00e9riel, tout mat\u00e9riau de finition (peintures, \u00e9maux&#8230;), et la (les) cuisson(s).<\/strong><\/p>\n<h4 style=\"text-align: center;\"><span style=\"color: #2496b3;\">Vous n&rsquo;avez que deux choses \u00e0 apporter : votre sourire et votre bonne humeur !<\/span><\/h4>\n<p>&nbsp;<\/p>\n<h4 style=\"text-align: center;\"><span style=\"color: #996699;\"><strong>FORMULE ANNUELLE<\/strong><\/span><\/h4>\n<p style=\"text-align: center;\"><span style=\"color: #996699;\"><strong>Engagement de septembre \u00e0 juillet<\/strong><\/span> <span style=\"color: #000000;\">(en moyenne 4 cours par mois, et 3 cours pour les mois avec vacances scolaires &#8211; pas de cours les jours f\u00e9ri\u00e9s)<\/span><br \/>\n<strong>20 \u20ac<\/strong> la session de 2 heures<\/p>\n<h4 style=\"text-align: center;\"><span style=\"color: #996699;\"><strong>FORMULE TRIMESTRIELLE&nbsp; &#8211;&nbsp; (<\/strong><\/span><span style=\"text-decoration: underline;\"><span style=\"color: #7f6d92;\"><strong>Inscription sur 1 trimestre seulement)<\/strong><\/span><\/span><\/h4>\n<h4 style=\"text-align: center;\"><strong>22 \u20ac<\/strong> la session de 2 heures<\/h4>\n<h4>&nbsp;<\/h4>\n<h4 style=\"text-align: center;\"><span style=\"color: #996699;\"><strong>FORMULE 2 COURS PAR MOIS<\/strong><\/span><\/h4>\n<h4 style=\"text-align: center;\"><strong>22 \u20ac <\/strong>la session de 2 heures<\/h4>\n<h4>&nbsp;<\/h4>\n<h4 style=\"text-align: center;\"><span style=\"color: #996699;\"><strong>FORMULE PONCTUELLE<\/strong><\/span><\/h4>\n<h4 style=\"text-align: center;\"><strong>24 \u20ac<\/strong> la session de 2 heures<\/h4>\n<h4>&nbsp;<\/h4>\n<h4 style=\"text-align: center;\"><span style=\"color: #996699;\"><strong>POUR ESSAYER !<br \/>\n<\/strong><\/span><\/h4>\n<p style=\"text-align: center;\"><span style=\"color: #000000;\"><em> <strong><span style=\"font-family: Trebuchet\\ MS, sans-serif;\"><span style=\"font-size: large;\">* Cours \u00ab d\u00e9couverte \u00bb de 2 heures : 22 \u20ac <\/span><\/span><\/strong><\/em><\/span><\/p>\n<p style=\"text-align: center;\"><span style=\"color: #cc6699;\"><em>&nbsp;&nbsp; <span style=\"color: #000000;\">* Ce cours d\u00e9couverte vous permet, le temps d&rsquo;une s\u00e9ance, d&rsquo;appr\u00e9cier le travail de l&rsquo;argile, de m\u00eame que l&rsquo;environnement de l&rsquo;atelier.<\/span><\/em><\/span><\/p>\n<p style=\"text-align: center;\">&nbsp;<\/p>\n<h3 style=\"text-align: center;\">&nbsp;<span style=\"color: #00ccff;\"><em><strong><span style=\"font-family: Trebuchet\\ MS, sans-serif;\"><span style=\"font-size: large;\">DE PLUS, N&rsquo;HE<\/span><\/span><\/strong><\/em><\/span><em style=\"font-size: 20.48px; letter-spacing: -0.02em; color: #00ccff;\"><strong><span style=\"font-family: Trebuchet\\ MS, sans-serif;\"><span style=\"font-size: large;\">SITEZ PAS A VOUS INSCRIRE EN COURS D\u2019ANN\u00c9E.<\/span><\/span><\/strong><\/em><\/h3>\n<p><span style=\"color: #00ccff;\"><strong>Tout cours non d\u00e9command\u00e9 au minimum 24 heures \u00e0 l&rsquo;avance, sera d\u00fb et non r\u00e9cup\u00e9rable<\/strong>.<\/span><\/p>\n<p>&nbsp;<\/p>\n<p><strong>Vous souhaitez faire cuire vos pi\u00e8ces : n&rsquo;h\u00e9sitez pas \u00e0 m&rsquo;appeler pour plus de renseignements !<\/strong><\/p>\n<p><span style=\"color: #ff00ff;\">&nbsp;<\/span><\/p>\n<p>&nbsp;<\/p>\n","protected":false},"excerpt":{"rendered":"<p>&nbsp; L&rsquo;atelier est ouvert de Septembre \u00e0 Juillet, en p\u00e9riode scolaire Groupes jusqu&rsquo;\u00e0 10 personnes Inscription minimum au trimestre Venez essayer ! &nbsp; JOURS ET HORAIRES DES COURS Lundi&nbsp; :&nbsp; 10 h 00 &#8211; 12 H 00 Mardi&nbsp; :&nbsp;&nbsp;10 h &hellip; <a href=\"https:\/\/karo-modelage.com\/?page_id=10\">Continuer la lecture <span class=\"meta-nav\">&rarr;<\/span><\/a><\/p>\n","protected":false},"author":1,"featured_media":0,"parent":0,"menu_order":2,"comment_status":"closed","ping_status":"closed","template":"","meta":{"ngg_post_thumbnail":0,"footnotes":""},"class_list":["post-10","page","type-page","status-publish","hentry"],"_links":{"self":[{"href":"https:\/\/karo-modelage.com\/index.php?rest_route=\/wp\/v2\/pages\/10"}],"collection":[{"href":"https:\/\/karo-modelage.com\/index.php?rest_route=\/wp\/v2\/pages"}],"about":[{"href":"https:\/\/karo-modelage.com\/index.php?rest_route=\/wp\/v2\/types\/page"}],"author":[{"embeddable":true,"href":"https:\/\/karo-modelage.com\/index.php?rest_route=\/wp\/v2\/users\/1"}],"replies":[{"embeddable":true,"href":"https:\/\/karo-modelage.com\/index.php?rest_route=%2Fwp%2Fv2%2Fcomments&post=10"}],"version-history":[{"count":188,"href":"https:\/\/karo-modelage.com\/index.php?rest_route=\/wp\/v2\/pages\/10\/revisions"}],"predecessor-version":[{"id":13134,"href":"https:\/\/karo-modelage.com\/index.php?rest_route=\/wp\/v2\/pages\/10\/revisions\/13134"}],"wp:attachment":[{"href":"https:\/\/karo-modelage.com\/index.php?rest_route=%2Fwp%2Fv2%2Fmedia&parent=10"}],"curies":[{"name":"wp","href":"https:\/\/api.w.org\/{rel}","templated":true}]}}