{"id":13101,"date":"2022-06-14T16:01:35","date_gmt":"2022-06-14T14:01:35","guid":{"rendered":"https:\/\/karo-modelage.com\/?page_id=13101"},"modified":"2022-06-14T16:04:42","modified_gmt":"2022-06-14T14:04:42","slug":"accueil","status":"publish","type":"page","link":"https:\/\/karo-modelage.com\/","title":{"rendered":"Accueil"},"content":{"rendered":"<div class=\"wp-block-image\">\n<figure class=\"alignleft\"><a href=\"https:\/\/karo-modelage.com\/wp-content\/uploads\/2010\/10\/Naiade.jpg\"><img loading=\"lazy\" decoding=\"async\" width=\"224\" height=\"300\" src=\"https:\/\/karo-modelage.com\/wp-content\/uploads\/2010\/10\/Naiade-224x300.jpg\" alt=\"\" class=\"wp-image-1611\" title=\"Naiade\" srcset=\"https:\/\/karo-modelage.com\/wp-content\/uploads\/2010\/10\/Naiade-224x300.jpg 224w, https:\/\/karo-modelage.com\/wp-content\/uploads\/2010\/10\/Naiade.jpg 461w\" sizes=\"(max-width: 224px) 100vw, 224px\" \/><\/a><\/figure><\/div>\n\n\n<p>Vous trouverez sur ce site les <a href=\"https:\/\/karo-modelage.com\/?page_id=133\">r\u00e9alisations<\/a> des \u00e9l\u00e8ves de mon atelier de modelage et sculpture sur argile.<br>N&rsquo;h\u00e9sitez pas \u00e0 me contacter pour venir <a href=\"https:\/\/karo-modelage.com\/?page_id=807\">nous rejoindre<\/a> et <strong>passer un moment de d\u00e9tente et de cr\u00e9ativit\u00e9<\/strong>.<\/p>\n\n\n\n<p>Les derni\u00e8res cr\u00e9ations sont d\u00e9sormais visibles sur <strong><a href=\"https:\/\/www.facebook.com\/KaroClay\/?ref=aymt_homepage_panel\" target=\"_blank\" rel=\"noreferrer noopener\">Facebook<\/a><\/strong><\/p>\n\n\n\n<h5 class=\"wp-block-heading\"><strong>Venez d\u00e9couvrir le modelage ou vous perfectionner. N&rsquo;h\u00e9sitez pas \u00e0 vous inscrire d\u00e8s maintenant&#8230;<\/strong><\/h5>\n\n\n\n<h5 class=\"wp-block-heading\"><strong>Vous pouvez aussi vous inscrire en cours d&rsquo;ann\u00e9e !<\/strong><\/h5>\n\n\n\n<h2 class=\"wp-block-heading\">\u00a0<strong>A bient\u00f4t !<\/strong><\/h2>\n\n\n\n<p><strong><em>Karo<\/em><\/strong><\/p>\n\n\n\n<h3 class=\"wp-block-heading\"><strong><br>Retrouvez l\u2019atelier sur Facebook \u2013 Laissez vos commentaires et impressions !<\/strong><\/h3>\n\n\n\n<h5 class=\"wp-block-heading\"><a href=\"https:\/\/www.facebook.com\/KaroClay\/?ref=aymt_homepage_panel\" target=\"_blank\" rel=\"noreferrer noopener\">Karo Modelage sur Facebook<\/a><\/h5>\n\n\n\n<h5 class=\"wp-block-heading\"><a href=\"https:\/\/www.prontopro.fr\/charente-maritime\/la-rochelle-17\/apprendre-la-sculpture-et-cours-modelage#pro-interview\">Article\/Interview ProntoPro : Apprendre la sculpture sur argile avec Karo Modelage<\/a><\/h5>\n\n\n<div class=\"wp-block-image\">\n<figure class=\"aligncenter\"><a href=\"https:\/\/karo-modelage.com\/wp-content\/uploads\/2010\/10\/Karo-Modelage.jpeg\"><img loading=\"lazy\" decoding=\"async\" width=\"200\" height=\"300\" src=\"https:\/\/karo-modelage.com\/wp-content\/uploads\/2010\/10\/Karo-Modelage-200x300.jpg\" alt=\"\" class=\"wp-image-12401\" title=\"Karo Modelage\" srcset=\"https:\/\/karo-modelage.com\/wp-content\/uploads\/2010\/10\/Karo-Modelage-200x300.jpg 200w, https:\/\/karo-modelage.com\/wp-content\/uploads\/2010\/10\/Karo-Modelage.jpeg 567w\" sizes=\"(max-width: 200px) 100vw, 200px\" \/><\/a><\/figure><\/div>","protected":false},"excerpt":{"rendered":"<p>Vous trouverez sur ce site les r\u00e9alisations des \u00e9l\u00e8ves de mon atelier de modelage et sculpture sur argile.N&rsquo;h\u00e9sitez pas \u00e0 me contacter pour venir nous rejoindre et passer un moment de d\u00e9tente et de cr\u00e9ativit\u00e9. Les derni\u00e8res cr\u00e9ations sont d\u00e9sormais &hellip; <a href=\"https:\/\/karo-modelage.com\/\">Continuer la lecture <span class=\"meta-nav\">&rarr;<\/span><\/a><\/p>\n","protected":false},"author":1,"featured_media":0,"parent":0,"menu_order":0,"comment_status":"closed","ping_status":"closed","template":"","meta":{"ngg_post_thumbnail":0,"footnotes":""},"class_list":["post-13101","page","type-page","status-publish","hentry"],"_links":{"self":[{"href":"https:\/\/karo-modelage.com\/index.php?rest_route=\/wp\/v2\/pages\/13101"}],"collection":[{"href":"https:\/\/karo-modelage.com\/index.php?rest_route=\/wp\/v2\/pages"}],"about":[{"href":"https:\/\/karo-modelage.com\/index.php?rest_route=\/wp\/v2\/types\/page"}],"author":[{"embeddable":true,"href":"https:\/\/karo-modelage.com\/index.php?rest_route=\/wp\/v2\/users\/1"}],"replies":[{"embeddable":true,"href":"https:\/\/karo-modelage.com\/index.php?rest_route=%2Fwp%2Fv2%2Fcomments&post=13101"}],"version-history":[{"count":3,"href":"https:\/\/karo-modelage.com\/index.php?rest_route=\/wp\/v2\/pages\/13101\/revisions"}],"predecessor-version":[{"id":13105,"href":"https:\/\/karo-modelage.com\/index.php?rest_route=\/wp\/v2\/pages\/13101\/revisions\/13105"}],"wp:attachment":[{"href":"https:\/\/karo-modelage.com\/index.php?rest_route=%2Fwp%2Fv2%2Fmedia&parent=13101"}],"curies":[{"name":"wp","href":"https:\/\/api.w.org\/{rel}","templated":true}]}}