{"id":61,"date":"2009-09-02T17:15:27","date_gmt":"2009-09-02T15:15:27","guid":{"rendered":"https:\/\/karo-modelage.com\/?page_id=61"},"modified":"2023-08-16T14:22:13","modified_gmt":"2023-08-16T12:22:13","slug":"liens","status":"publish","type":"page","link":"https:\/\/karo-modelage.com\/?page_id=61","title":{"rendered":"Liens"},"content":{"rendered":"<p><a href=\"https:\/\/karo-modelage.com\/wp-content\/uploads\/2009\/09\/Photo-167.jpg\"><img loading=\"lazy\" decoding=\"async\" class=\"alignright size-medium wp-image-3684\" title=\"Photo 167\" src=\"https:\/\/karo-modelage.com\/wp-content\/uploads\/2009\/09\/Photo-167-300x225.jpg\" alt=\"\" width=\"300\" height=\"225\" srcset=\"https:\/\/karo-modelage.com\/wp-content\/uploads\/2009\/09\/Photo-167-300x225.jpg 300w, https:\/\/karo-modelage.com\/wp-content\/uploads\/2009\/09\/Photo-167-1024x768.jpg 1024w\" sizes=\"(max-width: 300px) 100vw, 300px\" \/><\/a><\/p>\n<p><strong>Articles<\/strong><\/p>\n<h5><a href=\"https:\/\/www.prontopro.fr\/charente-maritime\/la-rochelle-17\/apprendre-la-sculpture-et-cours-modelage#pro-interview\">Article\/Interview ProntoPro : Apprendre la sculpture sur argile avec Karo Modelage<\/a><\/h5>\n<p>&nbsp;<\/p>\n<p><strong>Artistes &amp; ateliers<\/strong><\/p>\n<p><a href=\"https:\/\/m.facebook.com\/latelierfleurscreation17\/?locale2=fr_FR#_=_\" target=\"_blank\" rel=\"noopener\">L&rsquo;ATELIER FLEURS CREATIONS &#8211; Fleuriste \u00e0 P\u00e9rigny<\/a><\/p>\n<p><a href=\"http:\/\/www.stage-raku.com\" target=\"_blank\" rel=\"noopener\">Stage Raku avec Sylvie Robert<\/a><br \/>\n<a href=\"http:\/\/philippefaraut.com\/\">Philippe FARAUT<\/a><\/p>\n<p><strong>H\u00e9bergements sympathiques<\/strong><br \/>\n<a href=\"http:\/\/www.locatlantique.info\/\">Bed and Breakfast, maison d&rsquo;h\u00f4tes sur La Rochelle<\/a><\/p>\n<p><strong>Et si vous voulez du fun&#8230;!<\/strong><br \/>\n<a href=\"http:\/\/www.parachutisme.net\/index.php\" target=\"_blank\" rel=\"noopener\">Sauts en parachute avec Altitudes<\/a><\/p>\n","protected":false},"excerpt":{"rendered":"<p>Articles Article\/Interview ProntoPro : Apprendre la sculpture sur argile avec Karo Modelage &nbsp; Artistes &amp; ateliers L&rsquo;ATELIER FLEURS CREATIONS &#8211; Fleuriste \u00e0 P\u00e9rigny Stage Raku avec Sylvie Robert Philippe FARAUT H\u00e9bergements sympathiques Bed and Breakfast, maison d&rsquo;h\u00f4tes sur La Rochelle &hellip; <a href=\"https:\/\/karo-modelage.com\/?page_id=61\">Continuer la lecture <span class=\"meta-nav\">&rarr;<\/span><\/a><\/p>\n","protected":false},"author":1,"featured_media":0,"parent":0,"menu_order":5,"comment_status":"closed","ping_status":"closed","template":"","meta":{"ngg_post_thumbnail":0,"footnotes":""},"class_list":["post-61","page","type-page","status-publish","hentry"],"_links":{"self":[{"href":"https:\/\/karo-modelage.com\/index.php?rest_route=\/wp\/v2\/pages\/61"}],"collection":[{"href":"https:\/\/karo-modelage.com\/index.php?rest_route=\/wp\/v2\/pages"}],"about":[{"href":"https:\/\/karo-modelage.com\/index.php?rest_route=\/wp\/v2\/types\/page"}],"author":[{"embeddable":true,"href":"https:\/\/karo-modelage.com\/index.php?rest_route=\/wp\/v2\/users\/1"}],"replies":[{"embeddable":true,"href":"https:\/\/karo-modelage.com\/index.php?rest_route=%2Fwp%2Fv2%2Fcomments&post=61"}],"version-history":[{"count":33,"href":"https:\/\/karo-modelage.com\/index.php?rest_route=\/wp\/v2\/pages\/61\/revisions"}],"predecessor-version":[{"id":13124,"href":"https:\/\/karo-modelage.com\/index.php?rest_route=\/wp\/v2\/pages\/61\/revisions\/13124"}],"wp:attachment":[{"href":"https:\/\/karo-modelage.com\/index.php?rest_route=%2Fwp%2Fv2%2Fmedia&parent=61"}],"curies":[{"name":"wp","href":"https:\/\/api.w.org\/{rel}","templated":true}]}}